{"id":24,"date":"2019-01-13T11:34:07","date_gmt":"2019-01-13T11:34:07","guid":{"rendered":"http:\/\/kindergarten-mariengarten.de\/?page_id=24"},"modified":"2025-08-07T20:23:18","modified_gmt":"2025-08-07T20:23:18","slug":"traeger","status":"publish","type":"page","link":"https:\/\/kindergarten-mariengarten.de\/?page_id=24","title":{"rendered":"Tr\u00e4ger"},"content":{"rendered":"\n<p>Der Tr\u00e4ger unseres Kindergartens und Familienzentrums Mariengarten ist die Katholische Kirchengemeinde Triberg, Maria in der Tanne in Triberg.<\/p>\n\n\n\n<h2 class=\"wp-block-heading\">Katholische Kirchengemeinde Triberg, Maria in der Tanne<\/h2>\n\n\n\n<p>Pfarrer Andreas Treuer<br>Clemens Maria Hofbauerstra\u00dfe 17<br>78098 Triberg<\/p>\n\n\n\n<h2 class=\"wp-block-heading\">Gesch\u00e4ftsf\u00fchrung<\/h2>\n\n\n\n<p>Verrechnungsstelle f\u00fcr Katholische Kirchengemeinden Villingen<\/p>\n\n\n\n<p>Frau Ruth Greitmann<\/p>\n\n\n\n<p>Tel.07705 9260-27<a class=\"\" href=\"mailto:ruth.greitmann@vst-villingen.de\" target=\"_blank\" rel=\"noreferrer noopener\"><br>ruth.greitmann@vst-villingen.de<\/a><br>Tannheimer Ring 5\/1<br>78052 Villingen- Schwenningen<\/p>\n","protected":false},"excerpt":{"rendered":"<p>Der Tr\u00e4ger unseres Kindergartens und Familienzentrums Mariengarten ist die Katholische Kirchengemeinde Triberg, Maria in der Tanne in Triberg. Katholische Kirchengemeinde Triberg, Maria in der Tanne Pfarrer Andreas TreuerClemens Maria Hofbauerstra\u00dfe 1778098 Triberg Gesch\u00e4ftsf\u00fchrung Verrechnungsstelle f\u00fcr Katholische Kirchengemeinden Villingen Frau Ruth Greitmann Tel.07705 9260-27ruth.greitmann@vst-villingen.deTannheimer Ring 5\/178052 Villingen- Schwenningen<\/p>\n","protected":false},"author":1,"featured_media":0,"parent":9,"menu_order":19,"comment_status":"closed","ping_status":"closed","template":"","meta":{"footnotes":""},"class_list":["post-24","page","type-page","status-publish","hentry"],"_links":{"self":[{"href":"https:\/\/kindergarten-mariengarten.de\/index.php?rest_route=\/wp\/v2\/pages\/24","targetHints":{"allow":["GET"]}}],"collection":[{"href":"https:\/\/kindergarten-mariengarten.de\/index.php?rest_route=\/wp\/v2\/pages"}],"about":[{"href":"https:\/\/kindergarten-mariengarten.de\/index.php?rest_route=\/wp\/v2\/types\/page"}],"author":[{"embeddable":true,"href":"https:\/\/kindergarten-mariengarten.de\/index.php?rest_route=\/wp\/v2\/users\/1"}],"replies":[{"embeddable":true,"href":"https:\/\/kindergarten-mariengarten.de\/index.php?rest_route=%2Fwp%2Fv2%2Fcomments&post=24"}],"version-history":[{"count":7,"href":"https:\/\/kindergarten-mariengarten.de\/index.php?rest_route=\/wp\/v2\/pages\/24\/revisions"}],"predecessor-version":[{"id":1294,"href":"https:\/\/kindergarten-mariengarten.de\/index.php?rest_route=\/wp\/v2\/pages\/24\/revisions\/1294"}],"up":[{"embeddable":true,"href":"https:\/\/kindergarten-mariengarten.de\/index.php?rest_route=\/wp\/v2\/pages\/9"}],"wp:attachment":[{"href":"https:\/\/kindergarten-mariengarten.de\/index.php?rest_route=%2Fwp%2Fv2%2Fmedia&parent=24"}],"curies":[{"name":"wp","href":"https:\/\/api.w.org\/{rel}","templated":true}]}}