{"id":347,"date":"2019-03-04T17:16:54","date_gmt":"2019-03-04T17:16:54","guid":{"rendered":"http:\/\/kindergarten-mariengarten.de\/?page_id=347"},"modified":"2024-01-25T07:34:06","modified_gmt":"2024-01-25T07:34:06","slug":"die-uebergaenge","status":"publish","type":"page","link":"https:\/\/kindergarten-mariengarten.de\/?page_id=347","title":{"rendered":"Die \u00dcberg\u00e4nge"},"content":{"rendered":"\n<h2 class=\"wp-block-heading\">Die Eingew\u00f6hnung<\/h2>\n\n\n\n<p>Der Eintritt des Kindes in den Kindergarten ist eine ganz neue und ungewohnte Situation f\u00fcr das Kind und die Eltern. Alle m\u00fcssen sich erst an diese neue Situation gew\u00f6hnen, die Eltern und das Kind m\u00fcssen erst Vertrauen zur Einrichtung und den Erziehern und Erzieherinnen aufbauen. Damit Kind und Eltern sich bei uns in der Einrichtung wohlf\u00fchlen, richten wir unsere Eingew\u00f6hnungszeit in Anlehnung an das M\u00fcnch&#8217;ner Modell ein und bieten Ihnen verschiedene Wege, um Ihnen diese Phase zu erleichtern. <\/p>\n\n\n\n<p><strong>Anmeldegespr\u00e4ch<\/strong><br>Erster Kontakt und Besichtigung der Einrichtung<\/p>\n\n\n\n<p><strong>Aufnahmegespr\u00e4ch<\/strong><br>Kurz vor dem Kindergarteneintritt<\/p>\n\n\n\n<p><strong>Schnuppertage<\/strong><br>Vereinbarung von Schnuppertagen mit den Eltern (Stundenweise).<\/p>\n\n\n\n<p><strong>Kindergarteneintritt \/ Start der Eingew\u00f6hnung<\/strong><br>Die erste Phase kann 2-4 Wochen dauern, die prim\u00e4re Bezugsperson ist anwesend. Danach erste Trennungsphase m\u00f6glich. Anschlie\u00dfend Verbleib des Kindes nicht l\u00e4nger als drei Stunden allein in der Einrichtung &#8211; st\u00e4ndige telefonische Bereitschaft der Bezugsperson. <\/p>\n\n\n\n<p><strong>Abschluss der Eingew\u00f6hnung<\/strong><br>Vertrauen ist entstanden, die Trennung macht dem Kind keine Probleme mehr. Das Kind kommt gerne in den Kindergarten, nimmt Kontakt zu anderen auf und l\u00e4sst sich bei Bedarf schnell tr\u00f6sten und beruhigen. <\/p>\n\n\n\n<p><strong>Erstes Elterngespr\u00e4ch<\/strong><br>Nach sechs bis acht Wochen nach Eintritt des Kindes in den Kindergarten. Es erfolgt eine R\u00fcckmeldung  und gemeinsame Reflektion zum Verlauf der Eingew\u00f6hnungszeit f\u00fcr Kinder und Eltern. <br><\/p>\n\n\n\n<h2 class=\"wp-block-heading\">Der \u00dcbergang vom Kindergarten in die Grundschule<\/h2>\n\n\n\n<p>Die Kinder werden bei uns stets altersentsprechend und kindgerecht ihrem individuellen Entwicklungsstand entsprechend gefordert und ganzheitlich gef\u00f6rdert. Die Freude an Neuem und am spielerischen Lernen wird durch breitgef\u00e4cherte Bildungsangebote geweckt. <\/p>\n\n\n\n<p>Durch die L\u00f6sung komplexer Aufgabenstellungen und durch die Differenzierung der Wahrnehmung geschieht Wissenserweiterung. Selbstbewusstsein, Selbstwertgef\u00fchl und Selbstst\u00e4ndigkeit werden dadurch gest\u00e4rkt, dass ein verantwortungsvolles Miteinander und ein aktives Mitgestalten geschieht (Partizipation). <\/p>\n\n\n\n<p>Gemeinsame Exkursionen bilden Erfahrungshorizonte und erweitern das Wissen. <\/p>\n\n\n\n<p>Im Vorschulalter finden weiterhin viele Beobachtungen statt sowie eine Kooperation mit Grundschullehrern und im Bedarfsfall einer Heilp\u00e4dagogin oder anderen Einrichtungen.<\/p>\n\n\n\n<p>Das Vorschultreffen findet einmal im Monat statt. Eine Lehrerin der Grundschule Triberg kommt in den Kindergarten.<\/p>\n\n\n\n<p>Inhaltlich werden wir aber wichtige Basis- und Schulkompetenzen in Projekten und t\u00e4glichen Treffen verinnerlichen.<\/p>\n","protected":false},"excerpt":{"rendered":"<p>Die Eingew\u00f6hnung Der Eintritt des Kindes in den Kindergarten ist eine ganz neue und ungewohnte Situation f\u00fcr das Kind und die Eltern. Alle m\u00fcssen sich erst an diese neue Situation gew\u00f6hnen, die Eltern und das Kind m\u00fcssen erst Vertrauen zur Einrichtung und den Erziehern und Erzieherinnen aufbauen. Damit Kind und Eltern sich bei uns in &hellip; <\/p>\n<p class=\"link-more\"><a href=\"https:\/\/kindergarten-mariengarten.de\/?page_id=347\" class=\"more-link\"><span class=\"screen-reader-text\">\u201eDie \u00dcberg\u00e4nge\u201c <\/span>weiterlesen<\/a><\/p>\n","protected":false},"author":1,"featured_media":0,"parent":7,"menu_order":3,"comment_status":"closed","ping_status":"closed","template":"","meta":{"footnotes":""},"class_list":["post-347","page","type-page","status-publish","hentry"],"_links":{"self":[{"href":"https:\/\/kindergarten-mariengarten.de\/index.php?rest_route=\/wp\/v2\/pages\/347","targetHints":{"allow":["GET"]}}],"collection":[{"href":"https:\/\/kindergarten-mariengarten.de\/index.php?rest_route=\/wp\/v2\/pages"}],"about":[{"href":"https:\/\/kindergarten-mariengarten.de\/index.php?rest_route=\/wp\/v2\/types\/page"}],"author":[{"embeddable":true,"href":"https:\/\/kindergarten-mariengarten.de\/index.php?rest_route=\/wp\/v2\/users\/1"}],"replies":[{"embeddable":true,"href":"https:\/\/kindergarten-mariengarten.de\/index.php?rest_route=%2Fwp%2Fv2%2Fcomments&post=347"}],"version-history":[{"count":6,"href":"https:\/\/kindergarten-mariengarten.de\/index.php?rest_route=\/wp\/v2\/pages\/347\/revisions"}],"predecessor-version":[{"id":1208,"href":"https:\/\/kindergarten-mariengarten.de\/index.php?rest_route=\/wp\/v2\/pages\/347\/revisions\/1208"}],"up":[{"embeddable":true,"href":"https:\/\/kindergarten-mariengarten.de\/index.php?rest_route=\/wp\/v2\/pages\/7"}],"wp:attachment":[{"href":"https:\/\/kindergarten-mariengarten.de\/index.php?rest_route=%2Fwp%2Fv2%2Fmedia&parent=347"}],"curies":[{"name":"wp","href":"https:\/\/api.w.org\/{rel}","templated":true}]}}